{"id":7266,"date":"2022-03-03T17:53:22","date_gmt":"2025-05-13T12:32:33","guid":{"rendered":"https:\/\/dolphinhomedecor.com\/product\/systeme-de-placard-lancaster-18-avec-5-etageres\/"},"modified":"2025-05-13T08:32:33","modified_gmt":"2025-05-13T12:32:33","slug":"systeme-de-placard-lancaster-18-avec-5-etageres","status":"publish","type":"product","link":"https:\/\/dolphinhomedecor.com\/fr\/produit\/systeme-de-placard-lancaster-18-avec-5-etageres\/","title":{"rendered":"Syst\u00e8me de placard Lancaster 18&Prime; avec 5 \u00e9tag\u00e8res"},"content":{"rendered":"<p>Mat\u00e9riau du cadre : Tube rond de 16 mm de diam\u00e8tre avec rev\u00eatement en poudre noir<br \/>\nBarre horizontale : Bande m\u00e9tallique ronde de 8 mm de diam\u00e8tre avec rev\u00eatement en poudre noir<br \/>\nSupport transversal arri\u00e8re en \u00ab\u00a0X\u00a0\u00bb : Fil d&rsquo;acier de 8 mm de diam\u00e8tre avec rev\u00eatement en poudre noir<br \/>\nTablette en bois : PB avec surface en m\u00e9lamine<br \/>\n2x cadres, chaque cadre est divis\u00e9 en 2 sections pour minimiser la taille de l&#8217;emballage.<br \/>\n1x tringle \u00e0 v\u00eatements<br \/>\n5x \u00e9tag\u00e8res avec support \u00e0 vis unique<br \/>\n2x support transversal en \u00ab\u00a0X\u00a0\u00bb<br \/>\n1x capuchon d&rsquo;extr\u00e9mit\u00e9 pour fixer deux unit\u00e9s<br \/>\n1x plaque de marque par unit\u00e9 sur le c\u00f4t\u00e9 de la paroi proche de l&rsquo;\u00e9tag\u00e8re<br \/>\nKD package, all in one box.<\/p>\n","protected":false},"excerpt":{"rendered":"<p>Syst\u00e8me d&rsquo;armoires en m\u00e9tal Lancaster 18&Prime; avec 5 \u00e9tag\u00e8res<\/p>\n","protected":false},"featured_media":7267,"comment_status":"closed","ping_status":"closed","template":"","meta":{"_acf_changed":false,"footnotes":""},"product_brand":[],"product_cat":[520],"product_tag":[],"class_list":{"0":"post-7266","1":"product","2":"type-product","3":"status-publish","4":"has-post-thumbnail","6":"product_cat-placards","7":"pa_cabinet-color-blanc","8":"pa_cabinet-color-marron","9":"pa_doors-n-a","10":"pa_installation-type-autonome","11":"pa_product-width-56","12":"pa_product-width-ranges-in-382","13":"pa_top-material-n-a-fr","14":"collection-lancaster-fr","15":"style-style-de-vie","17":"first","18":"instock","19":"product-type-variable"},"acf":[],"_links":{"self":[{"href":"https:\/\/dolphinhomedecor.com\/fr\/wp-json\/wp\/v2\/product\/7266","targetHints":{"allow":["GET"]}}],"collection":[{"href":"https:\/\/dolphinhomedecor.com\/fr\/wp-json\/wp\/v2\/product"}],"about":[{"href":"https:\/\/dolphinhomedecor.com\/fr\/wp-json\/wp\/v2\/types\/product"}],"replies":[{"embeddable":true,"href":"https:\/\/dolphinhomedecor.com\/fr\/wp-json\/wp\/v2\/comments?post=7266"}],"version-history":[{"count":0,"href":"https:\/\/dolphinhomedecor.com\/fr\/wp-json\/wp\/v2\/product\/7266\/revisions"}],"wp:featuredmedia":[{"embeddable":true,"href":"https:\/\/dolphinhomedecor.com\/fr\/wp-json\/wp\/v2\/media\/7267"}],"wp:attachment":[{"href":"https:\/\/dolphinhomedecor.com\/fr\/wp-json\/wp\/v2\/media?parent=7266"}],"wp:term":[{"taxonomy":"product_brand","embeddable":true,"href":"https:\/\/dolphinhomedecor.com\/fr\/wp-json\/wp\/v2\/product_brand?post=7266"},{"taxonomy":"product_cat","embeddable":true,"href":"https:\/\/dolphinhomedecor.com\/fr\/wp-json\/wp\/v2\/product_cat?post=7266"},{"taxonomy":"product_tag","embeddable":true,"href":"https:\/\/dolphinhomedecor.com\/fr\/wp-json\/wp\/v2\/product_tag?post=7266"}],"curies":[{"name":"wp","href":"https:\/\/api.w.org\/{rel}","templated":true}]}}