{"id":7271,"date":"2022-03-03T17:33:35","date_gmt":"2025-05-13T12:32:37","guid":{"rendered":"https:\/\/dolphinhomedecor.com\/product\/chariot-de-cuisine-32-clinton\/"},"modified":"2025-05-13T08:32:37","modified_gmt":"2025-05-13T12:32:37","slug":"chariot-de-cuisine-32-clinton","status":"publish","type":"product","link":"https:\/\/dolphinhomedecor.com\/fr\/produit\/chariot-de-cuisine-32-clinton\/","title":{"rendered":"Chariot de cuisine 32&Prime; Clinton"},"content":{"rendered":"<p>Plateau\uff1aRubber wood top(solid wood frame+ PB core panel with real wood veneer finish)<br \/>\nMat\u00e9riaux du corps : structure en bois massif, panneaux avant et lat\u00e9raux en mdf<br \/>\n1x tiroir avec glissi\u00e8re sur roulement \u00e0 billes<br \/>\n1x porte \u00e0 fermeture douce avec 1x \u00e9tag\u00e8re int\u00e9rieure r\u00e9glable<br \/>\n2x \u00e9tag\u00e8res ouvertes( avec panneau d&rsquo;\u00e9tag\u00e8re en finition bois OU panneau d&rsquo;\u00e9tag\u00e8re blanc)<br \/>\n4x 2.5&Prime; wheels ( 2 of wheels with brake)<br \/>\nIncluded assemble accessories<br \/>\nKD packing, assemble required<\/p>\n","protected":false},"excerpt":{"rendered":"<p>Chariot de cuisine Clinton 32&Prime; avec plateau en bois massif de caoutchouc<\/p>\n","protected":false},"featured_media":7273,"comment_status":"closed","ping_status":"closed","template":"","meta":{"_acf_changed":false,"footnotes":""},"product_brand":[],"product_cat":[465],"product_tag":[],"class_list":{"0":"post-7271","1":"product","2":"type-product","3":"status-publish","4":"has-post-thumbnail","6":"product_cat-chariots-de-cuisine","7":"pa_cabinet-color-blanc","8":"pa_cabinet-color-noir","9":"pa_doors-yes","10":"pa_faucet-centerset-n-a","11":"pa_installation-type-autonome","12":"pa_panel-style-shaker","13":"pa_product-width-378","14":"pa_product-width-ranges-in-379","15":"pa_top-material-plateau-en-bois-caoutchoute","16":"collection-clinton-fr","17":"style-moderne","19":"first","20":"instock","21":"product-type-variable"},"acf":[],"_links":{"self":[{"href":"https:\/\/dolphinhomedecor.com\/fr\/wp-json\/wp\/v2\/product\/7271","targetHints":{"allow":["GET"]}}],"collection":[{"href":"https:\/\/dolphinhomedecor.com\/fr\/wp-json\/wp\/v2\/product"}],"about":[{"href":"https:\/\/dolphinhomedecor.com\/fr\/wp-json\/wp\/v2\/types\/product"}],"replies":[{"embeddable":true,"href":"https:\/\/dolphinhomedecor.com\/fr\/wp-json\/wp\/v2\/comments?post=7271"}],"version-history":[{"count":0,"href":"https:\/\/dolphinhomedecor.com\/fr\/wp-json\/wp\/v2\/product\/7271\/revisions"}],"wp:featuredmedia":[{"embeddable":true,"href":"https:\/\/dolphinhomedecor.com\/fr\/wp-json\/wp\/v2\/media\/7273"}],"wp:attachment":[{"href":"https:\/\/dolphinhomedecor.com\/fr\/wp-json\/wp\/v2\/media?parent=7271"}],"wp:term":[{"taxonomy":"product_brand","embeddable":true,"href":"https:\/\/dolphinhomedecor.com\/fr\/wp-json\/wp\/v2\/product_brand?post=7271"},{"taxonomy":"product_cat","embeddable":true,"href":"https:\/\/dolphinhomedecor.com\/fr\/wp-json\/wp\/v2\/product_cat?post=7271"},{"taxonomy":"product_tag","embeddable":true,"href":"https:\/\/dolphinhomedecor.com\/fr\/wp-json\/wp\/v2\/product_tag?post=7271"}],"curies":[{"name":"wp","href":"https:\/\/api.w.org\/{rel}","templated":true}]}}