{"id":7272,"date":"2022-02-04T15:19:13","date_gmt":"2025-05-13T12:32:37","guid":{"rendered":"https:\/\/dolphinhomedecor.com\/product\/meuble-lavabo-30-tady\/"},"modified":"2025-05-13T08:32:37","modified_gmt":"2025-05-13T12:32:37","slug":"meuble-lavabo-30-tady","status":"publish","type":"product","link":"https:\/\/dolphinhomedecor.com\/fr\/produit\/meuble-lavabo-30-tady\/","title":{"rendered":"Meuble-lavabo 30&Prime; Tady"},"content":{"rendered":"<p>Plateau en c\u00e9ramique de 1,6 pouce d&rsquo;\u00e9paisseur avec 3 trous pour un robinet de 4 pouces (robinet et \u00e9gouttoir non inclus)<br \/>\nMat\u00e9riaux : PB avec m\u00e9lamine pour le panneau lat\u00e9ral et la base<br \/>\nMDF avec rev\u00eatement PVC pour la porte<br \/>\nDeux portes \u00e0 fermeture douce<br \/>\nUne \u00e9tag\u00e8re int\u00e9rieure incluse<br \/>\nTout dans un seul paquet<\/p>\n","protected":false},"excerpt":{"rendered":"<p>Tady 30&Prime; Vanit\u00e9 avec dessus en c\u00e9ramique<\/p>\n","protected":false},"featured_media":7278,"comment_status":"closed","ping_status":"closed","template":"","meta":{"_acf_changed":false,"footnotes":""},"product_brand":[],"product_cat":[441],"product_tag":[],"class_list":{"0":"post-7272","1":"product","2":"type-product","3":"status-publish","4":"has-post-thumbnail","6":"product_cat-vanites","7":"pa_cabinet-color-blanc","8":"pa_cabinet-color-bleu-marine","9":"pa_cabinet-color-gris-clair","10":"pa_doors-yes","11":"pa_faucet-centerset-single-hole","12":"pa_installation-type-autonome","13":"pa_panel-style-n-a","14":"pa_product-width-32","15":"pa_product-width-ranges-in-311","16":"pa_top-material-plateau-en-ceramique","17":"collection-tady-fr","18":"style-style-de-vie","20":"first","21":"instock","22":"product-type-variable"},"acf":[],"_links":{"self":[{"href":"https:\/\/dolphinhomedecor.com\/fr\/wp-json\/wp\/v2\/product\/7272","targetHints":{"allow":["GET"]}}],"collection":[{"href":"https:\/\/dolphinhomedecor.com\/fr\/wp-json\/wp\/v2\/product"}],"about":[{"href":"https:\/\/dolphinhomedecor.com\/fr\/wp-json\/wp\/v2\/types\/product"}],"replies":[{"embeddable":true,"href":"https:\/\/dolphinhomedecor.com\/fr\/wp-json\/wp\/v2\/comments?post=7272"}],"version-history":[{"count":0,"href":"https:\/\/dolphinhomedecor.com\/fr\/wp-json\/wp\/v2\/product\/7272\/revisions"}],"wp:featuredmedia":[{"embeddable":true,"href":"https:\/\/dolphinhomedecor.com\/fr\/wp-json\/wp\/v2\/media\/7278"}],"wp:attachment":[{"href":"https:\/\/dolphinhomedecor.com\/fr\/wp-json\/wp\/v2\/media?parent=7272"}],"wp:term":[{"taxonomy":"product_brand","embeddable":true,"href":"https:\/\/dolphinhomedecor.com\/fr\/wp-json\/wp\/v2\/product_brand?post=7272"},{"taxonomy":"product_cat","embeddable":true,"href":"https:\/\/dolphinhomedecor.com\/fr\/wp-json\/wp\/v2\/product_cat?post=7272"},{"taxonomy":"product_tag","embeddable":true,"href":"https:\/\/dolphinhomedecor.com\/fr\/wp-json\/wp\/v2\/product_tag?post=7272"}],"curies":[{"name":"wp","href":"https:\/\/api.w.org\/{rel}","templated":true}]}}