{"id":7303,"date":"2022-02-04T15:02:54","date_gmt":"2025-05-13T12:32:40","guid":{"rendered":"https:\/\/dolphinhomedecor.com\/product\/evier-rectangulaire-en-ceramique-hamilton-20in\/"},"modified":"2025-05-13T08:32:40","modified_gmt":"2025-05-13T12:32:40","slug":"evier-rectangulaire-en-ceramique-hamilton-20in","status":"publish","type":"product","link":"https:\/\/dolphinhomedecor.com\/fr\/produit\/evier-rectangulaire-en-ceramique-hamilton-20in\/","title":{"rendered":"\u00c9vier rectangulaire en c\u00e9ramique Hamilton 20in"},"content":{"rendered":"<p>\u00c9vier sous plan en c\u00e9ramique<br \/>\nRobinet et \u00e9gouttoir non inclus<\/p>\n","protected":false},"excerpt":{"rendered":"<p>\u00e9vier rectangulaire en c\u00e9ramique de 20 pouces<\/p>\n","protected":false},"featured_media":7305,"comment_status":"closed","ping_status":"closed","template":"","meta":{"_acf_changed":false,"footnotes":""},"product_brand":[],"product_cat":[437],"product_tag":[],"class_list":{"0":"post-7303","1":"product","2":"type-product","3":"status-publish","4":"has-post-thumbnail","6":"product_cat-eviers","7":"pa_distance-between-faucet-holes-one-hole","8":"pa_quantity-of-faucet-holes-121","9":"pa_shape-rectangulaire","10":"pa_type-2-lavabo-sous-plan","11":"collection-hamilton-fr","13":"first","14":"instock","15":"product-type-simple"},"acf":[],"_links":{"self":[{"href":"https:\/\/dolphinhomedecor.com\/fr\/wp-json\/wp\/v2\/product\/7303","targetHints":{"allow":["GET"]}}],"collection":[{"href":"https:\/\/dolphinhomedecor.com\/fr\/wp-json\/wp\/v2\/product"}],"about":[{"href":"https:\/\/dolphinhomedecor.com\/fr\/wp-json\/wp\/v2\/types\/product"}],"replies":[{"embeddable":true,"href":"https:\/\/dolphinhomedecor.com\/fr\/wp-json\/wp\/v2\/comments?post=7303"}],"version-history":[{"count":0,"href":"https:\/\/dolphinhomedecor.com\/fr\/wp-json\/wp\/v2\/product\/7303\/revisions"}],"wp:featuredmedia":[{"embeddable":true,"href":"https:\/\/dolphinhomedecor.com\/fr\/wp-json\/wp\/v2\/media\/7305"}],"wp:attachment":[{"href":"https:\/\/dolphinhomedecor.com\/fr\/wp-json\/wp\/v2\/media?parent=7303"}],"wp:term":[{"taxonomy":"product_brand","embeddable":true,"href":"https:\/\/dolphinhomedecor.com\/fr\/wp-json\/wp\/v2\/product_brand?post=7303"},{"taxonomy":"product_cat","embeddable":true,"href":"https:\/\/dolphinhomedecor.com\/fr\/wp-json\/wp\/v2\/product_cat?post=7303"},{"taxonomy":"product_tag","embeddable":true,"href":"https:\/\/dolphinhomedecor.com\/fr\/wp-json\/wp\/v2\/product_tag?post=7303"}],"curies":[{"name":"wp","href":"https:\/\/api.w.org\/{rel}","templated":true}]}}