{"id":7306,"date":"2022-02-04T15:02:54","date_gmt":"2025-05-13T12:32:40","guid":{"rendered":"https:\/\/dolphinhomedecor.com\/product\/evier-ceramique-ovale-20in-new-orleans\/"},"modified":"2025-05-13T08:32:40","modified_gmt":"2025-05-13T12:32:40","slug":"evier-ceramique-ovale-20in-new-orleans","status":"publish","type":"product","link":"https:\/\/dolphinhomedecor.com\/fr\/produit\/evier-ceramique-ovale-20in-new-orleans\/","title":{"rendered":"Evier c\u00e9ramique ovale 20in New Orleans"},"content":{"rendered":"<p>\u00c9vier sous plan en c\u00e9ramique<br \/>\nRobinet et \u00e9gouttoir non inclus<\/p>\n","protected":false},"excerpt":{"rendered":"<p>Evier rond en c\u00e9ramique de 20 pouces<\/p>\n","protected":false},"featured_media":7308,"comment_status":"closed","ping_status":"closed","template":"","meta":{"_acf_changed":false,"footnotes":""},"product_brand":[],"product_cat":[437],"product_tag":[],"class_list":{"0":"post-7306","1":"product","2":"type-product","3":"status-publish","4":"has-post-thumbnail","6":"product_cat-eviers","7":"pa_shape-ovale","8":"pa_type-2-lavabo-sous-plan","9":"collection-new-orleans-fr","11":"first","12":"instock","13":"product-type-simple"},"acf":[],"_links":{"self":[{"href":"https:\/\/dolphinhomedecor.com\/fr\/wp-json\/wp\/v2\/product\/7306","targetHints":{"allow":["GET"]}}],"collection":[{"href":"https:\/\/dolphinhomedecor.com\/fr\/wp-json\/wp\/v2\/product"}],"about":[{"href":"https:\/\/dolphinhomedecor.com\/fr\/wp-json\/wp\/v2\/types\/product"}],"replies":[{"embeddable":true,"href":"https:\/\/dolphinhomedecor.com\/fr\/wp-json\/wp\/v2\/comments?post=7306"}],"version-history":[{"count":0,"href":"https:\/\/dolphinhomedecor.com\/fr\/wp-json\/wp\/v2\/product\/7306\/revisions"}],"wp:featuredmedia":[{"embeddable":true,"href":"https:\/\/dolphinhomedecor.com\/fr\/wp-json\/wp\/v2\/media\/7308"}],"wp:attachment":[{"href":"https:\/\/dolphinhomedecor.com\/fr\/wp-json\/wp\/v2\/media?parent=7306"}],"wp:term":[{"taxonomy":"product_brand","embeddable":true,"href":"https:\/\/dolphinhomedecor.com\/fr\/wp-json\/wp\/v2\/product_brand?post=7306"},{"taxonomy":"product_cat","embeddable":true,"href":"https:\/\/dolphinhomedecor.com\/fr\/wp-json\/wp\/v2\/product_cat?post=7306"},{"taxonomy":"product_tag","embeddable":true,"href":"https:\/\/dolphinhomedecor.com\/fr\/wp-json\/wp\/v2\/product_tag?post=7306"}],"curies":[{"name":"wp","href":"https:\/\/api.w.org\/{rel}","templated":true}]}}