{"id":7307,"date":"2022-02-04T15:19:13","date_gmt":"2025-05-13T12:32:40","guid":{"rendered":"https:\/\/dolphinhomedecor.com\/product\/meuble-lavabo-24-pamber\/"},"modified":"2025-05-13T08:32:40","modified_gmt":"2025-05-13T12:32:40","slug":"meuble-lavabo-24-pamber","status":"publish","type":"product","link":"https:\/\/dolphinhomedecor.com\/fr\/produit\/meuble-lavabo-24-pamber\/","title":{"rendered":"Meuble-lavabo 24&Prime; Pamber"},"content":{"rendered":"<p>Dessus\uff1athin ceramic top, perc\u00e9 de 3 trous pour un robinet de 4&Prime; (robinet et \u00e9gouttoir non inclus)<br \/>\nMat\u00e9riau du corps : PB avec corps en m\u00e9lamine. Portes peintes en blanc mat avec tirettes<br \/>\n2x portes avec charni\u00e8res \u00e0 fermeture douce<br \/>\n1x \u00e9tag\u00e8re ouverte<br \/>\ndesign sans poign\u00e9es<br \/>\nStructure en fer noir mat avec traitement antirouille<br \/>\nTout en un, structure en fer pr\u00eate \u00e0 \u00eatre assembl\u00e9e.<\/p>\n","protected":false},"excerpt":{"rendered":"<p>Meuble-lavabo 24&Prime; Pamber avec plan de travail en c\u00e9ramique<\/p>\n","protected":false},"featured_media":7309,"comment_status":"closed","ping_status":"closed","template":"","meta":{"_acf_changed":false,"footnotes":""},"product_brand":[],"product_cat":[441],"product_tag":[],"class_list":{"0":"post-7307","1":"product","2":"type-product","3":"status-publish","4":"has-post-thumbnail","6":"product_cat-vanites","7":"pa_doors-yes","8":"pa_faucet-centerset-single-hole","9":"pa_installation-type-autonome","10":"pa_panel-style-fluted","11":"pa_product-width-46","12":"pa_product-width-ranges-in-331","13":"pa_top-material-plateau-en-ceramique","14":"collection-pamber-fr","15":"style-style-de-vie","17":"first","18":"outofstock","19":"product-type-variable"},"acf":[],"_links":{"self":[{"href":"https:\/\/dolphinhomedecor.com\/fr\/wp-json\/wp\/v2\/product\/7307","targetHints":{"allow":["GET"]}}],"collection":[{"href":"https:\/\/dolphinhomedecor.com\/fr\/wp-json\/wp\/v2\/product"}],"about":[{"href":"https:\/\/dolphinhomedecor.com\/fr\/wp-json\/wp\/v2\/types\/product"}],"replies":[{"embeddable":true,"href":"https:\/\/dolphinhomedecor.com\/fr\/wp-json\/wp\/v2\/comments?post=7307"}],"version-history":[{"count":0,"href":"https:\/\/dolphinhomedecor.com\/fr\/wp-json\/wp\/v2\/product\/7307\/revisions"}],"wp:featuredmedia":[{"embeddable":true,"href":"https:\/\/dolphinhomedecor.com\/fr\/wp-json\/wp\/v2\/media\/7309"}],"wp:attachment":[{"href":"https:\/\/dolphinhomedecor.com\/fr\/wp-json\/wp\/v2\/media?parent=7307"}],"wp:term":[{"taxonomy":"product_brand","embeddable":true,"href":"https:\/\/dolphinhomedecor.com\/fr\/wp-json\/wp\/v2\/product_brand?post=7307"},{"taxonomy":"product_cat","embeddable":true,"href":"https:\/\/dolphinhomedecor.com\/fr\/wp-json\/wp\/v2\/product_cat?post=7307"},{"taxonomy":"product_tag","embeddable":true,"href":"https:\/\/dolphinhomedecor.com\/fr\/wp-json\/wp\/v2\/product_tag?post=7307"}],"curies":[{"name":"wp","href":"https:\/\/api.w.org\/{rel}","templated":true}]}}