{"id":7346,"date":"2022-02-04T14:43:51","date_gmt":"2025-05-13T12:32:47","guid":{"rendered":"https:\/\/dolphinhomedecor.com\/product\/chariot-de-cuisine-30-verwood\/"},"modified":"2025-05-13T08:32:47","modified_gmt":"2025-05-13T12:32:47","slug":"chariot-de-cuisine-30-verwood","status":"publish","type":"product","link":"https:\/\/dolphinhomedecor.com\/fr\/produit\/chariot-de-cuisine-30-verwood\/","title":{"rendered":"Chariot de cuisine 30&Prime; Verwood"},"content":{"rendered":"<p>Plateau : 25mm Plateau en bois massif de caoutchouc<br \/>\nMat\u00e9riaux du corps : Corps en MDF avec finition en bois m\u00e9lamin\u00e9 blanc<br \/>\n1x tiroir<br \/>\n2x \u00e9tag\u00e8res ouvertes<br \/>\n4x roues de style industriel( 2x roues universelles &amp; 2x roues universelles avec loacking)<br \/>\nAvec support pour porte-serviettes<br \/>\nPoign\u00e9es en finition noir mat<br \/>\nAssemblage requis<\/p>\n","protected":false},"excerpt":{"rendered":"<p>Chariot de cuisine Verwood 30&Prime; avec plateau en bois massif de caoutchouc<\/p>\n","protected":false},"featured_media":7348,"comment_status":"closed","ping_status":"closed","template":"","meta":{"_acf_changed":false,"footnotes":""},"product_brand":[],"product_cat":[465],"product_tag":[],"class_list":{"0":"post-7346","1":"product","2":"type-product","3":"status-publish","4":"has-post-thumbnail","6":"product_cat-chariots-de-cuisine","7":"pa_cabinet-color-blanc","8":"pa_cabinet-color-brun-clair","9":"pa_doors-no","10":"pa_faucet-centerset-n-a","11":"pa_installation-type-autonome","12":"pa_panel-style-shaker","13":"pa_product-width-32","14":"pa_product-width-ranges-in-311","15":"pa_top-material-plateau-en-bois-massif-de-caoutchouc","16":"collection-verwood-fr","17":"style-classique","19":"first","20":"instock","21":"product-type-variable"},"acf":[],"_links":{"self":[{"href":"https:\/\/dolphinhomedecor.com\/fr\/wp-json\/wp\/v2\/product\/7346","targetHints":{"allow":["GET"]}}],"collection":[{"href":"https:\/\/dolphinhomedecor.com\/fr\/wp-json\/wp\/v2\/product"}],"about":[{"href":"https:\/\/dolphinhomedecor.com\/fr\/wp-json\/wp\/v2\/types\/product"}],"replies":[{"embeddable":true,"href":"https:\/\/dolphinhomedecor.com\/fr\/wp-json\/wp\/v2\/comments?post=7346"}],"version-history":[{"count":0,"href":"https:\/\/dolphinhomedecor.com\/fr\/wp-json\/wp\/v2\/product\/7346\/revisions"}],"wp:featuredmedia":[{"embeddable":true,"href":"https:\/\/dolphinhomedecor.com\/fr\/wp-json\/wp\/v2\/media\/7348"}],"wp:attachment":[{"href":"https:\/\/dolphinhomedecor.com\/fr\/wp-json\/wp\/v2\/media?parent=7346"}],"wp:term":[{"taxonomy":"product_brand","embeddable":true,"href":"https:\/\/dolphinhomedecor.com\/fr\/wp-json\/wp\/v2\/product_brand?post=7346"},{"taxonomy":"product_cat","embeddable":true,"href":"https:\/\/dolphinhomedecor.com\/fr\/wp-json\/wp\/v2\/product_cat?post=7346"},{"taxonomy":"product_tag","embeddable":true,"href":"https:\/\/dolphinhomedecor.com\/fr\/wp-json\/wp\/v2\/product_tag?post=7346"}],"curies":[{"name":"wp","href":"https:\/\/api.w.org\/{rel}","templated":true}]}}