{"id":7368,"date":"2021-06-05T23:51:58","date_gmt":"2025-05-13T12:32:53","guid":{"rendered":"https:\/\/dolphinhomedecor.com\/product\/posy-tano-vanite-15\/"},"modified":"2025-05-13T08:32:53","modified_gmt":"2025-05-13T12:32:53","slug":"posy-tano-vanite-15","status":"publish","type":"product","link":"https:\/\/dolphinhomedecor.com\/fr\/produit\/posy-tano-vanite-15\/","title":{"rendered":"POSY TANO Vanit\u00e9 15"},"content":{"rendered":"<p>\u00ab\u00a0Dessus en c\u00e9ramique avec un seul trou pour le robinet (le dessus est r\u00e9versible \u00e0 gauche ou \u00e0 droite)<br \/>\nMat\u00e9riau de la porte et du corps : PB avec rev\u00eatement en m\u00e9lamine<br \/>\nUne porte \u00e0 fermeture progressive<br \/>\nUne poign\u00e9e chrom\u00e9e<br \/>\nFinition : blanc ou gris clair<br \/>\nRobinet non inclus<br \/>\nTout en un\u00a0\u00bb<\/p>\n","protected":false},"excerpt":{"rendered":"<p>POSY TANO Meuble-lavabo 15&Prime; avec dessus en c\u00e9ramique<\/p>\n","protected":false},"featured_media":7370,"comment_status":"closed","ping_status":"closed","template":"","meta":{"_acf_changed":false,"footnotes":""},"product_brand":[],"product_cat":[441],"product_tag":[],"class_list":{"0":"post-7368","1":"product","2":"type-product","3":"status-publish","4":"has-post-thumbnail","6":"product_cat-vanites","7":"pa_cabinet-color-blanc","8":"pa_cabinet-color-gris","9":"pa_faucet-mounting-holes-80","10":"collection-posy-tano-fr","11":"style-moderne","13":"first","14":"instock","15":"product-type-variable"},"acf":[],"_links":{"self":[{"href":"https:\/\/dolphinhomedecor.com\/fr\/wp-json\/wp\/v2\/product\/7368","targetHints":{"allow":["GET"]}}],"collection":[{"href":"https:\/\/dolphinhomedecor.com\/fr\/wp-json\/wp\/v2\/product"}],"about":[{"href":"https:\/\/dolphinhomedecor.com\/fr\/wp-json\/wp\/v2\/types\/product"}],"replies":[{"embeddable":true,"href":"https:\/\/dolphinhomedecor.com\/fr\/wp-json\/wp\/v2\/comments?post=7368"}],"version-history":[{"count":0,"href":"https:\/\/dolphinhomedecor.com\/fr\/wp-json\/wp\/v2\/product\/7368\/revisions"}],"wp:featuredmedia":[{"embeddable":true,"href":"https:\/\/dolphinhomedecor.com\/fr\/wp-json\/wp\/v2\/media\/7370"}],"wp:attachment":[{"href":"https:\/\/dolphinhomedecor.com\/fr\/wp-json\/wp\/v2\/media?parent=7368"}],"wp:term":[{"taxonomy":"product_brand","embeddable":true,"href":"https:\/\/dolphinhomedecor.com\/fr\/wp-json\/wp\/v2\/product_brand?post=7368"},{"taxonomy":"product_cat","embeddable":true,"href":"https:\/\/dolphinhomedecor.com\/fr\/wp-json\/wp\/v2\/product_cat?post=7368"},{"taxonomy":"product_tag","embeddable":true,"href":"https:\/\/dolphinhomedecor.com\/fr\/wp-json\/wp\/v2\/product_tag?post=7368"}],"curies":[{"name":"wp","href":"https:\/\/api.w.org\/{rel}","templated":true}]}}