{"id":7376,"date":"2021-06-05T23:51:58","date_gmt":"2025-05-13T12:32:54","guid":{"rendered":"https:\/\/dolphinhomedecor.com\/product\/vanite-euro-20\/"},"modified":"2025-05-13T08:32:54","modified_gmt":"2025-05-13T12:32:54","slug":"vanite-euro-20","status":"publish","type":"product","link":"https:\/\/dolphinhomedecor.com\/fr\/produit\/vanite-euro-20\/","title":{"rendered":"Vanit\u00e9 Euro 20"},"content":{"rendered":"<p>Taille : 20&Prime;(L) \u00d7 11&Prime;(P) x 34&Prime;(H)<br \/>\nDessus en c\u00e9ramique pour un robinet central de 4&Prime; (robinet et vidange non inclus)<br \/>\nMat\u00e9riau de la porte : MDF avec couvercle en PVC<br \/>\nMat\u00e9riau du corps : PB avec rev\u00eatement en m\u00e9lamine<br \/>\nBoutons chrom\u00e9s<br \/>\nUne porte \u00e0 fermeture douce avec charni\u00e8res dissimul\u00e9es<br \/>\nPieds en fer \u00e0 finition argent\u00e9e<br \/>\nDisponible en blanc, espresso<br \/>\nPr\u00e9-assembl\u00e9<\/p>\n","protected":false},"excerpt":{"rendered":"<p>Meuble-lavabo Euro 20&Prime; avec plan en c\u00e9ramique<\/p>\n","protected":false},"featured_media":7378,"comment_status":"closed","ping_status":"closed","template":"","meta":{"_acf_changed":false,"footnotes":""},"product_brand":[],"product_cat":[441],"product_tag":[],"class_list":{"0":"post-7376","1":"product","2":"type-product","3":"status-publish","4":"has-post-thumbnail","6":"product_cat-vanites","7":"pa_cabinet-color-blanc","8":"pa_cabinet-color-espresso-fr","9":"pa_faucet-mounting-holes-80","10":"collection-euro-fr","11":"style-classique","13":"first","14":"instock","15":"product-type-variable"},"acf":[],"_links":{"self":[{"href":"https:\/\/dolphinhomedecor.com\/fr\/wp-json\/wp\/v2\/product\/7376","targetHints":{"allow":["GET"]}}],"collection":[{"href":"https:\/\/dolphinhomedecor.com\/fr\/wp-json\/wp\/v2\/product"}],"about":[{"href":"https:\/\/dolphinhomedecor.com\/fr\/wp-json\/wp\/v2\/types\/product"}],"replies":[{"embeddable":true,"href":"https:\/\/dolphinhomedecor.com\/fr\/wp-json\/wp\/v2\/comments?post=7376"}],"version-history":[{"count":0,"href":"https:\/\/dolphinhomedecor.com\/fr\/wp-json\/wp\/v2\/product\/7376\/revisions"}],"wp:featuredmedia":[{"embeddable":true,"href":"https:\/\/dolphinhomedecor.com\/fr\/wp-json\/wp\/v2\/media\/7378"}],"wp:attachment":[{"href":"https:\/\/dolphinhomedecor.com\/fr\/wp-json\/wp\/v2\/media?parent=7376"}],"wp:term":[{"taxonomy":"product_brand","embeddable":true,"href":"https:\/\/dolphinhomedecor.com\/fr\/wp-json\/wp\/v2\/product_brand?post=7376"},{"taxonomy":"product_cat","embeddable":true,"href":"https:\/\/dolphinhomedecor.com\/fr\/wp-json\/wp\/v2\/product_cat?post=7376"},{"taxonomy":"product_tag","embeddable":true,"href":"https:\/\/dolphinhomedecor.com\/fr\/wp-json\/wp\/v2\/product_tag?post=7376"}],"curies":[{"name":"wp","href":"https:\/\/api.w.org\/{rel}","templated":true}]}}