{"id":7385,"date":"2021-06-05T23:51:50","date_gmt":"2025-05-13T12:32:55","guid":{"rendered":"https:\/\/dolphinhomedecor.com\/product\/meuble-lavabo-36-welton\/"},"modified":"2025-05-15T08:46:51","modified_gmt":"2025-05-15T12:46:51","slug":"meuble-lavabo-36-welton","status":"publish","type":"product","link":"https:\/\/dolphinhomedecor.com\/fr\/produit\/meuble-lavabo-36-welton\/","title":{"rendered":"Meuble-lavabo 36&Prime; Welton"},"content":{"rendered":"<p>Dimensions : 35,4&Prime; (L) x 18,1&Prime; (P) x 34,5&Prime; (H)<br \/>\nPlateau : Plateau en c\u00e9ramique, perc\u00e9 de 3 trous pour un robinet de 4&Prime; (robinet et vidange non inclus)<br \/>\nPieds : Bois massif avec finition peinture bois de couleur assortie<br \/>\nMat\u00e9riau du corps et des tiroirs : PB avec finition m\u00e9lamine Trois portes \u00e0 fermeture progressive Deux \u00e9tag\u00e8res r\u00e9glables (une \u00e0 l&rsquo;int\u00e9rieur des deux portes de gauche, une \u00e0 l&rsquo;int\u00e9rieur de la porte de droite) : PB avec finition m\u00e9lamine<br \/>\nTrois portes \u00e0 fermeture progressive<br \/>\nDeux \u00e9tag\u00e8res r\u00e9glables (une \u00e0 l&rsquo;int\u00e9rieur des deux portes de gauche, une \u00e0 l&rsquo;int\u00e9rieur de la porte de droite)<br \/>\nPorte en biseau sur le dessus en guise de poign\u00e9e<br \/>\nLa base des pieds est une structure en bois, certains travaux d&rsquo;assemblage sont n\u00e9cessaires.<\/p>\n","protected":false},"excerpt":{"rendered":"<p>Welton 36&Prime; Vanit\u00e9 avec dessus en c\u00e9ramique<\/p>\n","protected":false},"featured_media":7387,"comment_status":"closed","ping_status":"closed","template":"","meta":{"_acf_changed":false,"footnotes":""},"product_brand":[],"product_cat":[441],"product_tag":[],"class_list":{"0":"post-7385","1":"product","2":"type-product","3":"status-publish","4":"has-post-thumbnail","6":"product_cat-vanites","7":"pa_cabinet-color-bois-blanc","8":"pa_cabinet-color-bois-clair","9":"pa_faucet-mounting-holes-243","10":"collection-welton-fr","11":"style-style-de-vie","13":"first","14":"instock","15":"product-type-variable"},"acf":[],"_links":{"self":[{"href":"https:\/\/dolphinhomedecor.com\/fr\/wp-json\/wp\/v2\/product\/7385","targetHints":{"allow":["GET"]}}],"collection":[{"href":"https:\/\/dolphinhomedecor.com\/fr\/wp-json\/wp\/v2\/product"}],"about":[{"href":"https:\/\/dolphinhomedecor.com\/fr\/wp-json\/wp\/v2\/types\/product"}],"replies":[{"embeddable":true,"href":"https:\/\/dolphinhomedecor.com\/fr\/wp-json\/wp\/v2\/comments?post=7385"}],"version-history":[{"count":1,"href":"https:\/\/dolphinhomedecor.com\/fr\/wp-json\/wp\/v2\/product\/7385\/revisions"}],"predecessor-version":[{"id":7563,"href":"https:\/\/dolphinhomedecor.com\/fr\/wp-json\/wp\/v2\/product\/7385\/revisions\/7563"}],"wp:featuredmedia":[{"embeddable":true,"href":"https:\/\/dolphinhomedecor.com\/fr\/wp-json\/wp\/v2\/media\/7387"}],"wp:attachment":[{"href":"https:\/\/dolphinhomedecor.com\/fr\/wp-json\/wp\/v2\/media?parent=7385"}],"wp:term":[{"taxonomy":"product_brand","embeddable":true,"href":"https:\/\/dolphinhomedecor.com\/fr\/wp-json\/wp\/v2\/product_brand?post=7385"},{"taxonomy":"product_cat","embeddable":true,"href":"https:\/\/dolphinhomedecor.com\/fr\/wp-json\/wp\/v2\/product_cat?post=7385"},{"taxonomy":"product_tag","embeddable":true,"href":"https:\/\/dolphinhomedecor.com\/fr\/wp-json\/wp\/v2\/product_tag?post=7385"}],"curies":[{"name":"wp","href":"https:\/\/api.w.org\/{rel}","templated":true}]}}