{"id":7386,"date":"2021-06-05T23:15:45","date_gmt":"2025-05-13T12:32:55","guid":{"rendered":"https:\/\/dolphinhomedecor.com\/product\/20%e2%80%b3-armoire-a-pharmacie-de-salle-de-bain-avec-etagere-ouverte\/"},"modified":"2025-05-13T08:32:55","modified_gmt":"2025-05-13T12:32:55","slug":"20%e2%80%b3-armoire-a-pharmacie-de-salle-de-bain-avec-etagere-ouverte","status":"publish","type":"product","link":"https:\/\/dolphinhomedecor.com\/fr\/produit\/20%e2%80%b3-armoire-a-pharmacie-de-salle-de-bain-avec-etagere-ouverte\/","title":{"rendered":"20\u2033 Armoire \u00e0 pharmacie de salle de bain avec \u00e9tag\u00e8re ouverte"},"content":{"rendered":"<p>Dimensions : 20 \u00ab\u00a0W x 5 \u00ab\u00a0D x 30 \u00ab\u00a0H<br \/>\nMat\u00e9riaux : PB avec m\u00e9lamine<br \/>\nUne porte \u00e0 fermeture douce avec miroir plat<br \/>\nUne \u00e9tag\u00e8re r\u00e9glable<br \/>\nConception sans poign\u00e9e (ouvrir la porte en tirant sur le bas de la porte)<br \/>\nEmballage : Bo\u00eete marron avec \u00e9tiquette de couleur<br \/>\nPr\u00e9-assembl\u00e9<\/p>\n","protected":false},"excerpt":{"rendered":"<p>20\u2033 Armoire \u00e0 pharmacie de salle de bain avec \u00e9tag\u00e8re ouverte<\/p>\n","protected":false},"featured_media":7389,"comment_status":"closed","ping_status":"closed","template":"","meta":{"_acf_changed":false,"footnotes":""},"product_brand":[],"product_cat":[452],"product_tag":[],"class_list":{"0":"post-7386","1":"product","2":"type-product","3":"status-publish","4":"has-post-thumbnail","6":"product_cat-armoires-a-pharmacie","7":"pa_cabinet-color-en-bois","8":"pa_doors-yes","9":"pa_faucet-centerset-n-a","10":"pa_installation-type-fixation-murale","11":"pa_panel-style-mirror-door","12":"pa_product-width-51","13":"pa_product-width-ranges-in-315","14":"pa_top-material-n-a-fr","15":"collection-nevada-fr","16":"style-style-de-vie","18":"first","19":"instock","20":"product-type-variable"},"acf":[],"_links":{"self":[{"href":"https:\/\/dolphinhomedecor.com\/fr\/wp-json\/wp\/v2\/product\/7386","targetHints":{"allow":["GET"]}}],"collection":[{"href":"https:\/\/dolphinhomedecor.com\/fr\/wp-json\/wp\/v2\/product"}],"about":[{"href":"https:\/\/dolphinhomedecor.com\/fr\/wp-json\/wp\/v2\/types\/product"}],"replies":[{"embeddable":true,"href":"https:\/\/dolphinhomedecor.com\/fr\/wp-json\/wp\/v2\/comments?post=7386"}],"version-history":[{"count":0,"href":"https:\/\/dolphinhomedecor.com\/fr\/wp-json\/wp\/v2\/product\/7386\/revisions"}],"wp:featuredmedia":[{"embeddable":true,"href":"https:\/\/dolphinhomedecor.com\/fr\/wp-json\/wp\/v2\/media\/7389"}],"wp:attachment":[{"href":"https:\/\/dolphinhomedecor.com\/fr\/wp-json\/wp\/v2\/media?parent=7386"}],"wp:term":[{"taxonomy":"product_brand","embeddable":true,"href":"https:\/\/dolphinhomedecor.com\/fr\/wp-json\/wp\/v2\/product_brand?post=7386"},{"taxonomy":"product_cat","embeddable":true,"href":"https:\/\/dolphinhomedecor.com\/fr\/wp-json\/wp\/v2\/product_cat?post=7386"},{"taxonomy":"product_tag","embeddable":true,"href":"https:\/\/dolphinhomedecor.com\/fr\/wp-json\/wp\/v2\/product_tag?post=7386"}],"curies":[{"name":"wp","href":"https:\/\/api.w.org\/{rel}","templated":true}]}}