{"id":7444,"date":"2021-05-23T21:02:45","date_gmt":"2025-05-13T12:34:24","guid":{"rendered":"https:\/\/dolphinhomedecor.com\/product\/chariot-de-cuisine-30-hellen\/"},"modified":"2025-05-13T08:34:24","modified_gmt":"2025-05-13T12:34:24","slug":"chariot-de-cuisine-30-hellen","status":"publish","type":"product","link":"https:\/\/dolphinhomedecor.com\/fr\/produit\/chariot-de-cuisine-30-hellen\/","title":{"rendered":"Chariot de cuisine 30&Prime; Hellen"},"content":{"rendered":"<p>Taille:30 \u00ab\u00a0W x 20\u00a0\u00bbD x 34\u00a0\u00bbH<br \/>\n1&Prime; d&rsquo;\u00e9paisseur de bois en caoutchouc massif, Porte-serviettes en caoutchouc massif<br \/>\nCorps en MDF avec finition peinture<br \/>\n2x tiroirs \u00e0 fermeture douce<br \/>\n1x porte shaker \u00e0 fermeture douce<br \/>\n2x \u00e9tag\u00e8res ouvertes<br \/>\n1x \u00e9tag\u00e8re int\u00e9rieure r\u00e9glable (\u00e0 l&rsquo;int\u00e9rieur de la porte)<br \/>\n1x porte-serviettes<br \/>\nPoign\u00e9es noires mates<\/p>\n","protected":false},"excerpt":{"rendered":"<p>Chariot de cuisine 30&Prime; Hellen en fini blanc<\/p>\n","protected":false},"featured_media":7446,"comment_status":"closed","ping_status":"closed","template":"","meta":{"_acf_changed":false,"footnotes":""},"product_brand":[],"product_cat":[465],"product_tag":[],"class_list":{"0":"post-7444","1":"product","2":"type-product","3":"status-publish","4":"has-post-thumbnail","6":"product_cat-chariots-de-cuisine","7":"pa_cabinet-color-blanc","8":"pa_cabinet-color-gris","9":"pa_doors-yes","10":"pa_faucet-centerset-n-a","11":"pa_installation-type-autonome","12":"pa_panel-style-shaker","13":"pa_product-width-32","14":"pa_product-width-ranges-in-311","15":"pa_top-material-plateau-en-bois-massif-de-caoutchouc","16":"collection-hellen-fr","17":"style-classique","19":"first","20":"instock","21":"product-type-variable"},"acf":[],"_links":{"self":[{"href":"https:\/\/dolphinhomedecor.com\/fr\/wp-json\/wp\/v2\/product\/7444","targetHints":{"allow":["GET"]}}],"collection":[{"href":"https:\/\/dolphinhomedecor.com\/fr\/wp-json\/wp\/v2\/product"}],"about":[{"href":"https:\/\/dolphinhomedecor.com\/fr\/wp-json\/wp\/v2\/types\/product"}],"replies":[{"embeddable":true,"href":"https:\/\/dolphinhomedecor.com\/fr\/wp-json\/wp\/v2\/comments?post=7444"}],"version-history":[{"count":0,"href":"https:\/\/dolphinhomedecor.com\/fr\/wp-json\/wp\/v2\/product\/7444\/revisions"}],"wp:featuredmedia":[{"embeddable":true,"href":"https:\/\/dolphinhomedecor.com\/fr\/wp-json\/wp\/v2\/media\/7446"}],"wp:attachment":[{"href":"https:\/\/dolphinhomedecor.com\/fr\/wp-json\/wp\/v2\/media?parent=7444"}],"wp:term":[{"taxonomy":"product_brand","embeddable":true,"href":"https:\/\/dolphinhomedecor.com\/fr\/wp-json\/wp\/v2\/product_brand?post=7444"},{"taxonomy":"product_cat","embeddable":true,"href":"https:\/\/dolphinhomedecor.com\/fr\/wp-json\/wp\/v2\/product_cat?post=7444"},{"taxonomy":"product_tag","embeddable":true,"href":"https:\/\/dolphinhomedecor.com\/fr\/wp-json\/wp\/v2\/product_tag?post=7444"}],"curies":[{"name":"wp","href":"https:\/\/api.w.org\/{rel}","templated":true}]}}