{"id":7458,"date":"2021-05-23T21:02:45","date_gmt":"2025-05-13T12:34:27","guid":{"rendered":"https:\/\/dolphinhomedecor.com\/product\/chariot-de-cuisine-saron-48\/"},"modified":"2025-05-13T08:34:27","modified_gmt":"2025-05-13T12:34:27","slug":"chariot-de-cuisine-saron-48","status":"publish","type":"product","link":"https:\/\/dolphinhomedecor.com\/fr\/produit\/chariot-de-cuisine-saron-48\/","title":{"rendered":"Chariot de cuisine Saron 48"},"content":{"rendered":"<p>Taille : 47.17 \u00ab\u00a0W x 18 \u00ab\u00a0D x 35 \u00ab\u00a0H<br \/>\nPlateau en bois massif de caoutchouc, corps en MDF avec finition peinture<br \/>\nQuatre portes \u00e0 fermeture douce, deux tiroirs.<br \/>\nDeux \u00e9tag\u00e8res int\u00e9rieures r\u00e9glables<br \/>\nQuatre roues cach\u00e9es<br \/>\nAvec porte-serviettes&amp; crochets m\u00e9talliques<br \/>\nPoign\u00e9es finition noir antique<br \/>\nAssemblage requis<\/p>\n","protected":false},"excerpt":{"rendered":"<p>Chariot de cuisine Saron 48&Prime; en fini gris<\/p>\n","protected":false},"featured_media":7459,"comment_status":"closed","ping_status":"closed","template":"","meta":{"_acf_changed":false,"footnotes":""},"product_brand":[],"product_cat":[465],"product_tag":[],"class_list":{"0":"post-7458","1":"product","2":"type-product","3":"status-publish","4":"has-post-thumbnail","6":"product_cat-chariots-de-cuisine","7":"pa_cabinet-color-blanc","8":"pa_cabinet-color-gris","9":"pa_doors-yes","10":"pa_faucet-centerset-n-a","11":"pa_installation-type-autonome","12":"pa_panel-style-shaker","13":"pa_product-width-51-25","14":"pa_product-width-ranges-in-306","15":"pa_top-material-plateau-en-bois-massif-de-caoutchouc","16":"collection-saron-fr","17":"style-classique","19":"first","20":"instock","21":"product-type-variable"},"acf":[],"_links":{"self":[{"href":"https:\/\/dolphinhomedecor.com\/fr\/wp-json\/wp\/v2\/product\/7458","targetHints":{"allow":["GET"]}}],"collection":[{"href":"https:\/\/dolphinhomedecor.com\/fr\/wp-json\/wp\/v2\/product"}],"about":[{"href":"https:\/\/dolphinhomedecor.com\/fr\/wp-json\/wp\/v2\/types\/product"}],"replies":[{"embeddable":true,"href":"https:\/\/dolphinhomedecor.com\/fr\/wp-json\/wp\/v2\/comments?post=7458"}],"version-history":[{"count":0,"href":"https:\/\/dolphinhomedecor.com\/fr\/wp-json\/wp\/v2\/product\/7458\/revisions"}],"wp:featuredmedia":[{"embeddable":true,"href":"https:\/\/dolphinhomedecor.com\/fr\/wp-json\/wp\/v2\/media\/7459"}],"wp:attachment":[{"href":"https:\/\/dolphinhomedecor.com\/fr\/wp-json\/wp\/v2\/media?parent=7458"}],"wp:term":[{"taxonomy":"product_brand","embeddable":true,"href":"https:\/\/dolphinhomedecor.com\/fr\/wp-json\/wp\/v2\/product_brand?post=7458"},{"taxonomy":"product_cat","embeddable":true,"href":"https:\/\/dolphinhomedecor.com\/fr\/wp-json\/wp\/v2\/product_cat?post=7458"},{"taxonomy":"product_tag","embeddable":true,"href":"https:\/\/dolphinhomedecor.com\/fr\/wp-json\/wp\/v2\/product_tag?post=7458"}],"curies":[{"name":"wp","href":"https:\/\/api.w.org\/{rel}","templated":true}]}}